{"id":37,"date":"2024-02-29T16:49:42","date_gmt":"2024-02-29T19:49:42","guid":{"rendered":"https:\/\/attelier.com.br\/?page_id=37"},"modified":"2024-02-29T17:07:11","modified_gmt":"2024-02-29T20:07:11","slug":"pag","status":"publish","type":"page","link":"https:\/\/attelier.com.br\/","title":{"rendered":"In\u00edcio"},"content":{"rendered":"\n<h4 class=\"wp-block-heading\">ATENDIMENTO PERSONALIZADO E PONTUALIDADE<\/h4>\n\n\n\n<p>N\u00e3o importa se \u00e9 para uma ocasi\u00e3o especial ou casual, fa\u00e7o modelagem e confec\u00e7\u00e3o de acordo com o estilo desejado. Discutimos qual melhor modelo, desenho, tecido e quantidade, tudo de forma personalizada. Fa\u00e7o vestidos para noiva, m\u00e3e de noivo(a), daminhas, madrinhas, debutantes, formaturas, etc., tudo com pontualidade e responsabilidade com as datas combinadas.<\/p>\n","protected":false},"excerpt":{"rendered":"<p>ATENDIMENTO PERSONALIZADO E PONTUALIDADE N\u00e3o importa se \u00e9 para uma ocasi\u00e3o especial ou casual, fa\u00e7o modelagem e confec\u00e7\u00e3o de acordo com o estilo desejado. Discutimos qual melhor modelo, desenho, tecido e quantidade, tudo de forma personalizada. Fa\u00e7o vestidos para noiva, m\u00e3e de noivo(a), daminhas, madrinhas, debutantes, formaturas, etc., tudo com pontualidade e responsabilidade com as &hellip; <\/p>\n","protected":false},"author":1,"featured_media":0,"parent":0,"menu_order":0,"comment_status":"closed","ping_status":"closed","template":"","meta":{"_monsterinsights_skip_tracking":false,"_monsterinsights_sitenote_active":false,"_monsterinsights_sitenote_note":"","_monsterinsights_sitenote_category":0,"footnotes":""},"aioseo_notices":[],"_links":{"self":[{"href":"https:\/\/attelier.com.br\/index.php?rest_route=\/wp\/v2\/pages\/37"}],"collection":[{"href":"https:\/\/attelier.com.br\/index.php?rest_route=\/wp\/v2\/pages"}],"about":[{"href":"https:\/\/attelier.com.br\/index.php?rest_route=\/wp\/v2\/types\/page"}],"author":[{"embeddable":true,"href":"https:\/\/attelier.com.br\/index.php?rest_route=\/wp\/v2\/users\/1"}],"replies":[{"embeddable":true,"href":"https:\/\/attelier.com.br\/index.php?rest_route=%2Fwp%2Fv2%2Fcomments&post=37"}],"version-history":[{"count":2,"href":"https:\/\/attelier.com.br\/index.php?rest_route=\/wp\/v2\/pages\/37\/revisions"}],"predecessor-version":[{"id":55,"href":"https:\/\/attelier.com.br\/index.php?rest_route=\/wp\/v2\/pages\/37\/revisions\/55"}],"wp:attachment":[{"href":"https:\/\/attelier.com.br\/index.php?rest_route=%2Fwp%2Fv2%2Fmedia&parent=37"}],"curies":[{"name":"wp","href":"https:\/\/api.w.org\/{rel}","templated":true}]}}